{"id":5,"date":"2023-07-24T11:06:13","date_gmt":"2023-07-24T03:06:13","guid":{"rendered":"https:\/\/www.china-usedmachinery.com\/?page_id=5"},"modified":"2024-06-29T14:02:38","modified_gmt":"2024-06-29T06:02:38","slug":"about-us","status":"publish","type":"page","link":"https:\/\/www.china-usedmachinery.com\/pt\/sobre-nos\/","title":{"rendered":"Sobre n\u00f3s"},"content":{"rendered":"","protected":false},"excerpt":{"rendered":"","protected":false},"author":1,"featured_media":0,"parent":0,"menu_order":0,"comment_status":"closed","ping_status":"closed","template":"page\/about.php","meta":{"footnotes":""},"class_list":["post-5","page","type-page","status-publish","hentry"],"yoast_head":"<!-- This site is optimized with the Yoast SEO plugin v26.9 - https:\/\/yoast.com\/product\/yoast-seo-wordpress\/ -->\n<title>JianHongHang Machine - Your Trusted Used Excavator TraderBest supplier of used excavator for sale<\/title>\n<meta name=\"description\" content=\"With over a decade of experience, we partner with renowned brands to deliver reliable excavators for diverse projects.Contact us now!Can you find reliable used excavators? JianHongHang offers the best selection of high-quality used excavators at competitive prices. Contact us today!\" \/>\n<meta name=\"robots\" content=\"index, follow, max-snippet:-1, max-image-preview:large, max-video-preview:-1\" \/>\n<link rel=\"canonical\" href=\"https:\/\/www.china-usedmachinery.com\/pt\/sobre-nos\/\" \/>\n<meta property=\"og:locale\" content=\"pt_PT\" \/>\n<meta property=\"og:type\" content=\"article\" \/>\n<meta property=\"og:title\" content=\"JianHongHang Machine - Your Trusted Used Excavator TraderBest supplier of used excavator for sale\" \/>\n<meta property=\"og:description\" content=\"With over a decade of experience, we partner with renowned brands to deliver reliable excavators for diverse projects.Contact us now!Can you find reliable used excavators? JianHongHang offers the best selection of high-quality used excavators at competitive prices. Contact us today!\" \/>\n<meta property=\"og:url\" content=\"https:\/\/www.china-usedmachinery.com\/pt\/sobre-nos\/\" \/>\n<meta property=\"og:site_name\" content=\"JianHongHang Machine\" \/>\n<meta property=\"article:modified_time\" content=\"2024-06-29T06:02:38+00:00\" \/>\n<meta name=\"twitter:card\" content=\"summary_large_image\" \/>\n<script type=\"application\/ld+json\" class=\"yoast-schema-graph\">{\"@context\":\"https:\/\/schema.org\",\"@graph\":[{\"@type\":\"WebPage\",\"@id\":\"https:\/\/www.china-usedmachinery.com\/about-us\/\",\"url\":\"https:\/\/www.china-usedmachinery.com\/about-us\/\",\"name\":\"JianHongHang Machine - Your Trusted Used Excavator TraderBest supplier of used excavator for sale\",\"isPartOf\":{\"@id\":\"https:\/\/www.china-usedmachinery.com\/#website\"},\"datePublished\":\"2023-07-24T03:06:13+00:00\",\"dateModified\":\"2024-06-29T06:02:38+00:00\",\"description\":\"With over a decade of experience, we partner with renowned brands to deliver reliable excavators for diverse projects.Contact us now!Can you find reliable used excavators? JianHongHang offers the best selection of high-quality used excavators at competitive prices. Contact us today!\",\"breadcrumb\":{\"@id\":\"https:\/\/www.china-usedmachinery.com\/about-us\/#breadcrumb\"},\"inLanguage\":\"pt-PT\",\"potentialAction\":[{\"@type\":\"ReadAction\",\"target\":[\"https:\/\/www.china-usedmachinery.com\/about-us\/\"]}]},{\"@type\":\"BreadcrumbList\",\"@id\":\"https:\/\/www.china-usedmachinery.com\/about-us\/#breadcrumb\",\"itemListElement\":[{\"@type\":\"ListItem\",\"position\":1,\"name\":\"Home\",\"item\":\"https:\/\/www.china-usedmachinery.com\/\"},{\"@type\":\"ListItem\",\"position\":2,\"name\":\"About Us\"}]},{\"@type\":\"WebSite\",\"@id\":\"https:\/\/www.china-usedmachinery.com\/#website\",\"url\":\"https:\/\/www.china-usedmachinery.com\/\",\"name\":\"JianHongHang Machine\",\"description\":\"JianHongHang\",\"potentialAction\":[{\"@type\":\"SearchAction\",\"target\":{\"@type\":\"EntryPoint\",\"urlTemplate\":\"https:\/\/www.china-usedmachinery.com\/?s={search_term_string}\"},\"query-input\":{\"@type\":\"PropertyValueSpecification\",\"valueRequired\":true,\"valueName\":\"search_term_string\"}}],\"inLanguage\":\"pt-PT\"}]}<\/script>\n<!-- \/ Yoast SEO plugin. -->","yoast_head_json":{"title":"JianHongHang Machine - Seu Comerciante Confi\u00e1vel de Escavadeiras UsadasMelhor fornecedor de escavadeiras usadas para venda","description":"Com mais de uma d\u00e9cada de experi\u00eancia, fazemos parcerias com marcas renomadas para fornecer escavadeiras confi\u00e1veis para diversos projetos. Entre em contato conosco agora mesmo! Voc\u00ea encontra escavadeiras usadas confi\u00e1veis? A JianHongHang oferece a melhor sele\u00e7\u00e3o de escavadeiras usadas de alta qualidade a pre\u00e7os competitivos. Entre em contato conosco hoje mesmo!","robots":{"index":"index","follow":"follow","max-snippet":"max-snippet:-1","max-image-preview":"max-image-preview:large","max-video-preview":"max-video-preview:-1"},"canonical":"https:\/\/www.china-usedmachinery.com\/pt\/sobre-nos\/","og_locale":"pt_PT","og_type":"article","og_title":"JianHongHang Machine - Your Trusted Used Excavator TraderBest supplier of used excavator for sale","og_description":"With over a decade of experience, we partner with renowned brands to deliver reliable excavators for diverse projects.Contact us now!Can you find reliable used excavators? JianHongHang offers the best selection of high-quality used excavators at competitive prices. Contact us today!","og_url":"https:\/\/www.china-usedmachinery.com\/pt\/sobre-nos\/","og_site_name":"JianHongHang Machine","article_modified_time":"2024-06-29T06:02:38+00:00","twitter_card":"summary_large_image","schema":{"@context":"https:\/\/schema.org","@graph":[{"@type":"WebPage","@id":"https:\/\/www.china-usedmachinery.com\/about-us\/","url":"https:\/\/www.china-usedmachinery.com\/about-us\/","name":"JianHongHang Machine - Seu Comerciante Confi\u00e1vel de Escavadeiras UsadasMelhor fornecedor de escavadeiras usadas para venda","isPartOf":{"@id":"https:\/\/www.china-usedmachinery.com\/#website"},"datePublished":"2023-07-24T03:06:13+00:00","dateModified":"2024-06-29T06:02:38+00:00","description":"Com mais de uma d\u00e9cada de experi\u00eancia, fazemos parcerias com marcas renomadas para fornecer escavadeiras confi\u00e1veis para diversos projetos. Entre em contato conosco agora mesmo! Voc\u00ea encontra escavadeiras usadas confi\u00e1veis? A JianHongHang oferece a melhor sele\u00e7\u00e3o de escavadeiras usadas de alta qualidade a pre\u00e7os competitivos. Entre em contato conosco hoje mesmo!","breadcrumb":{"@id":"https:\/\/www.china-usedmachinery.com\/about-us\/#breadcrumb"},"inLanguage":"pt-PT","potentialAction":[{"@type":"ReadAction","target":["https:\/\/www.china-usedmachinery.com\/about-us\/"]}]},{"@type":"BreadcrumbList","@id":"https:\/\/www.china-usedmachinery.com\/about-us\/#breadcrumb","itemListElement":[{"@type":"ListItem","position":1,"name":"Home","item":"https:\/\/www.china-usedmachinery.com\/"},{"@type":"ListItem","position":2,"name":"About Us"}]},{"@type":"WebSite","@id":"https:\/\/www.china-usedmachinery.com\/#website","url":"https:\/\/www.china-usedmachinery.com\/","name":"M\u00e1quina JianHongHang","description":"JianHongHang","potentialAction":[{"@type":"SearchAction","target":{"@type":"EntryPoint","urlTemplate":"https:\/\/www.china-usedmachinery.com\/?s={search_term_string}"},"query-input":{"@type":"PropertyValueSpecification","valueRequired":true,"valueName":"search_term_string"}}],"inLanguage":"pt-PT"}]}},"_links":{"self":[{"href":"https:\/\/www.china-usedmachinery.com\/pt\/wp-json\/wp\/v2\/pages\/5","targetHints":{"allow":["GET"]}}],"collection":[{"href":"https:\/\/www.china-usedmachinery.com\/pt\/wp-json\/wp\/v2\/pages"}],"about":[{"href":"https:\/\/www.china-usedmachinery.com\/pt\/wp-json\/wp\/v2\/types\/page"}],"author":[{"embeddable":true,"href":"https:\/\/www.china-usedmachinery.com\/pt\/wp-json\/wp\/v2\/users\/1"}],"replies":[{"embeddable":true,"href":"https:\/\/www.china-usedmachinery.com\/pt\/wp-json\/wp\/v2\/comments?post=5"}],"version-history":[{"count":1,"href":"https:\/\/www.china-usedmachinery.com\/pt\/wp-json\/wp\/v2\/pages\/5\/revisions"}],"predecessor-version":[{"id":6,"href":"https:\/\/www.china-usedmachinery.com\/pt\/wp-json\/wp\/v2\/pages\/5\/revisions\/6"}],"wp:attachment":[{"href":"https:\/\/www.china-usedmachinery.com\/pt\/wp-json\/wp\/v2\/media?parent=5"}],"curies":[{"name":"wp","href":"https:\/\/api.w.org\/{rel}","templated":true}]}}