{"id":13,"date":"2023-07-24T11:13:55","date_gmt":"2023-07-24T03:13:55","guid":{"rendered":"https:\/\/www.china-usedmachinery.com\/?page_id=13"},"modified":"2023-07-25T09:30:42","modified_gmt":"2023-07-25T01:30:42","slug":"privacy","status":"publish","type":"page","link":"https:\/\/www.china-usedmachinery.com\/pt\/privacidade\/","title":{"rendered":"Privacidade"},"content":{"rendered":"<p>A privacidade e a seguran\u00e7a das suas informa\u00e7\u00f5es s\u00e3o muito importantes para n\u00f3s.<br>Veja a pol\u00edtica de privacidade completa abaixo para saber mais.<br>Introdu\u00e7\u00e3o<br>Esta pol\u00edtica de privacidade explica como nossa empresa e suas afiliadas coletam e usam suas informa\u00e7\u00f5es. Nossa pol\u00edtica de privacidade se aplica a todas as pessoas que visitam e usam nosso website, nossa empresa e servi\u00e7os online, e os websites e servi\u00e7os online fornecidos por nossos membros (coletivamente chamados de &quot;sites&quot;). Empresas afiliadas s\u00e3o entidades direta ou indiretamente de propriedade de nossa empresa, ou entidades controladas ou controladas em conjunto por nossa empresa. As refer\u00eancias a &quot;sa\u00fade b\u00e1sica&quot;, &quot;n\u00f3s&quot;, &quot;nosso&quot; ou &quot;nos&quot; nesta pol\u00edtica de privacidade referem-se \u00e0 entidade respons\u00e1vel pela coleta e uso de seus dados pessoais, geralmente a entidade que obt\u00e9m seus dados pessoais em cada caso. Essa entidade tamb\u00e9m \u00e9 chamada de controladora de dados. Esta pol\u00edtica de privacidade n\u00e3o abrange os websites e servi\u00e7os online operados por nossa empresa ou nossas afiliadas. Esses websites e servi\u00e7os online t\u00eam pol\u00edticas de privacidade separadas e n\u00e3o est\u00e3o vinculados a esta pol\u00edtica de privacidade nem mesclados por refer\u00eancia. Pol\u00edticas de privacidade diferentes tamb\u00e9m podem se aplicar a outras partes do nosso website, como \u00e1reas protegidas por senha ou p\u00e1ginas da web usadas para recrutamento online. Nossa pol\u00edtica de privacidade se aplica apenas \u00e0s atividades que realizamos neste site e n\u00e3o se aplica a atividades &quot;offline&quot; ou n\u00e3o relacionadas a este site. Esta pol\u00edtica de privacidade foi incorporada aos nossos termos e condi\u00e7\u00f5es, e o mesmo se aplica quando voc\u00ea usa nosso site. Ao usar este site e fornecer seus dados pessoais e outras informa\u00e7\u00f5es por meio dele, voc\u00ea reconhece que seus dados pessoais ser\u00e3o processados de acordo com os termos desta pol\u00edtica de privacidade. Se voc\u00ea n\u00e3o concordar com as pr\u00e1ticas descritas nesta pol\u00edtica de privacidade, n\u00e3o nos forne\u00e7a seus dados pessoais nem interaja com o site de outras maneiras. Reservamo-nos o direito de modificar esta pol\u00edtica de privacidade a qualquer momento. Se fizermos quaisquer altera\u00e7\u00f5es significativas em nossa pol\u00edtica de privacidade, forneceremos um aviso neste site antes que as altera\u00e7\u00f5es entrem em vigor. Voc\u00ea pode determinar a data da \u00faltima revis\u00e3o desta pol\u00edtica de privacidade consultando a data da &quot;\u00faltima atualiza\u00e7\u00e3o&quot; acima. Voc\u00ea pode visualizar a vers\u00e3o mais recente desta pol\u00edtica de privacidade. Recomendamos que voc\u00ea verifique regularmente a pol\u00edtica de privacidade para quaisquer altera\u00e7\u00f5es.<br>\u00a0<br>Quais dados pessoais coletamos sobre voc\u00ea?<br>Os dados pessoais utilizados nesta pol\u00edtica de privacidade referem-se a quaisquer informa\u00e7\u00f5es relacionadas a um indiv\u00edduo identificado ou identific\u00e1vel, ou conforme definido pela legisla\u00e7\u00e3o aplic\u00e1vel. Quando voc\u00ea visita nosso site e interage voluntariamente com ele, coletamos os seguintes dados pessoais:<br>Seu primeiro e \u00faltimo nome;<br>Nome da empresa;<br>Endere\u00e7o de protocolo de Internet (IP);<br>Informa\u00e7\u00f5es de contato (por exemplo, n\u00famero de telefone, endere\u00e7o de e-mail);<br>ou outras informa\u00e7\u00f5es que voc\u00ea fornecer voluntariamente.<br>\u00a0<br>Quando coletamos dados pessoais sobre voc\u00ea?<br>A menos que voc\u00ea voluntariamente opte por divulgar tais informa\u00e7\u00f5es, nossa empresa n\u00e3o coletar\u00e1 nenhum dado pessoal seu por meio deste site. Podemos solicitar que voc\u00ea forne\u00e7a determinados dados pessoais em diferentes momentos e locais do site. Em alguns casos, se voc\u00ea optar por n\u00e3o nos fornecer os dados pessoais solicitados, poder\u00e1 n\u00e3o conseguir acessar todo o conte\u00fado deste site ou participar de todas as suas fun\u00e7\u00f5es. Por exemplo, podemos coletar dados pessoais seus quando voc\u00ea realiza as seguintes a\u00e7\u00f5es:<br>Compre produtos da nossa empresa atrav\u00e9s do nosso site;<br>Abra ou responda ao nosso e-mail;<br>Quando voc\u00ea nos fornece voluntariamente informa\u00e7\u00f5es por meio de pesquisas com clientes, podemos vincul\u00e1-las aos dados pessoais que coletamos anteriormente sobre voc\u00ea;<br>Entre em contato com o atendimento ao cliente, use nossa fun\u00e7\u00e3o \u201cconectar\u201d para falar com os representantes da nossa empresa ou use nossas ferramentas de suporte ao cliente;<br>Conecte, vincule ou \u201ccompartilhe\u201d nosso site por meio de sites de redes sociais;<br>Se voc\u00ea nos fornecer dados pessoais de terceiros, isso significa que voc\u00ea forneceu um aviso ao terceiro e foi autorizado por ele a fornecer tais informa\u00e7\u00f5es.<br>\u00a0<br>Como usamos dados pessoais?<br>Nossa empresa utiliza os dados pessoais que coletamos para lhe fornecer servi\u00e7os ou celebrar um contrato com voc\u00ea quando voc\u00ea visita nosso site. Isso inclui:<br>Crie uma conta de site on-line para voc\u00ea de acordo com suas necessidades;<br>Prestar atendimento ao cliente (por exemplo, responder \u00e0s suas perguntas ou atender a solicita\u00e7\u00f5es);<br>Enviar lembretes, atualiza\u00e7\u00f5es, suporte, mensagens de gerenciamento, an\u00fancios de servi\u00e7o e informa\u00e7\u00f5es solicitadas;<br>Utilizaremos dados pessoais coletados por terceiros ou por n\u00f3s para fins comerciais leg\u00edtimos, desde que os dados sejam compat\u00edveis com seus direitos e expectativas de privacidade. Isso inclui:<br>Operar, manter e melhorar este site, nossos servi\u00e7os e nossos produtos;<br>Realizar an\u00e1lises e conduzir pesquisas com clientes;<br>Verifique sua capacidade de acessar ou usar determinados produtos ou servi\u00e7os que est\u00e3o dispon\u00edveis apenas para indiv\u00edduos que atendem a certos requisitos ou padr\u00f5es de qualifica\u00e7\u00e3o, como profissionais de sa\u00fade;<br>Permitir que voc\u00ea interaja com determinados provedores de servi\u00e7os de conte\u00fado de terceiros (por exemplo, para permitir que voc\u00ea crie links ou visualize conte\u00fado de sites de terceiros neste site ou visualize nosso conte\u00fado em sites de terceiros);<br>Permitir que voc\u00ea escolha participar dos recursos interativos do nosso site;<br>Gerenciar pesquisas on-line ou ofertas especiais fornecidas por n\u00f3s ou por meio de nossos parceiros comerciais terceirizados;<br>Melhorar nosso site, atendimento ao cliente, produtos e servi\u00e7os e a experi\u00eancia geral do usu\u00e1rio;<br>Melhorar outras informa\u00e7\u00f5es que temos sobre voc\u00ea para nos ajudar a entend\u00ea-lo melhor e determinar seus interesses;<br>Determinar suas prefer\u00eancias para que possamos notific\u00e1-lo sobre novos produtos ou outros produtos, servi\u00e7os e promo\u00e7\u00f5es que possam ser do seu interesse;<br>Nossa empresa tamb\u00e9m possui uma base legal para usar seus dados pessoais:<br>Para evitar fraudes, seguran\u00e7a p\u00fablica e fazer cumprir as obriga\u00e7\u00f5es e termos e condi\u00e7\u00f5es de relat\u00f3rios da nossa empresa, al\u00e9m de cumprir leis, regulamentos, ordens judiciais, intima\u00e7\u00f5es ou outros procedimentos legais.<br>Quando exigido por lei, tamb\u00e9m podemos usar as informa\u00e7\u00f5es coletadas de acordo com esta pol\u00edtica de privacidade com seu consentimento para fornecer a voc\u00ea bens ou servi\u00e7os que acreditamos que possam ser do seu interesse.<br>\u00a0<br>Como lidar com dados pessoais sens\u00edveis?<br>Os dados pessoais sens\u00edveis utilizados na pol\u00edtica de privacidade (tamb\u00e9m denominados &quot;categorias especiais de dados pessoais&quot;) referem-se a dados relacionados \u00e0 sua ra\u00e7a ou etnia, opini\u00f5es pol\u00edticas, religi\u00e3o ou outras cren\u00e7as, sa\u00fade, caracter\u00edsticas gen\u00e9ticas ou biol\u00f3gicas, vida sexual ou sexualidade. Informa\u00e7\u00f5es sobre orienta\u00e7\u00e3o sexual, antecedentes criminais ou filia\u00e7\u00e3o sindical. Nossa empresa coleta dados pessoais sens\u00edveis apenas nas seguintes circunst\u00e2ncias limitadas:<br>Com seu consentimento expl\u00edcito;<br>Proteja os interesses vitais seus ou de outras pessoas caso n\u00e3o consiga concordar f\u00edsica ou legalmente;<br>Se o tratamento for necess\u00e1rio para fins m\u00e9dicos preventivos ou ocupacionais, fornecer assist\u00eancia ou tratamento de sa\u00fade ou social ou gerenciar sistemas e servi\u00e7os de sa\u00fade ou assist\u00eancia social de acordo com as leis da Uni\u00e3o ou dos Estados-Membros ou de acordo com contratos com profissionais de sa\u00fade; ou usado para estabelecer, exercer ou defender reivindica\u00e7\u00f5es legais, ou na medida permitida e exigida pelas leis aplic\u00e1veis.<br>A menos que seja exigido de outra forma pelas leis aplic\u00e1veis, voc\u00ea n\u00e3o precisa nos fornecer quaisquer dados pessoais sens\u00edveis ao utilizar nosso site. Caso opte por n\u00e3o faz\u00ea-lo, sua decis\u00e3o n\u00e3o o impedir\u00e1 de utilizar nosso site.<br>\u00a0<br>Que outras informa\u00e7\u00f5es coletamos?<br>Como muitos outros sites, quando voc\u00ea navega e interage com nosso site, podemos usar tecnologia de coleta autom\u00e1tica para coletar certas informa\u00e7\u00f5es sobre seu dispositivo, opera\u00e7\u00f5es de navega\u00e7\u00e3o e padr\u00f5es, incluindo:<br>Os detalhes da sua visita ao nosso site, incluindo os recursos que voc\u00ea visita e usa em nosso site, dados de tr\u00e1fego, dados de localiza\u00e7\u00e3o, registros, idioma;<br>Data e hora de acesso, frequ\u00eancia e outros dados de comunica\u00e7\u00e3o;<br>Informa\u00e7\u00f5es sobre o computador e a conex\u00e3o com a Internet, incluindo sistema operacional, dom\u00ednio do host e tipo de navegador (como o Internet Explorer); ou<br>Detalhes do site (URL) recomendado.<br>As informa\u00e7\u00f5es que coletamos automaticamente s\u00e3o dados estat\u00edsticos que podem nos ajudar a melhorar nosso site e fornecer servi\u00e7os melhores e mais personalizados, incluindo nos permitir:<br>Determinar padr\u00f5es de tr\u00e1fego do site;<br>Conte o n\u00famero de visitas ao site;<br>Identificar a origem do tr\u00e1fego para que possamos medir e melhorar o desempenho do site;<br>Compartilhar ou vender tais informa\u00e7\u00f5es a terceiros;<br>Ajude-nos a entender quais p\u00e1ginas e conte\u00fados s\u00e3o os mais e menos populares; e<br>Determine a frequ\u00eancia e a \u00faltima data da sua visita ao nosso site.<br>\u00a0<br>Cookies e outras tecnologias<br>Quando voc\u00ea visita nosso site ou interage com nossos e-mails, usamos cookies, web beacons\/pixel tags e outras tecnologias (coletivamente chamadas de &quot;cookies&quot;) para identific\u00e1-lo. &quot;Cookies&quot; s\u00e3o pequenas quantidades de dados armazenados em cache ou armazenados em um computador com base na atividade na Internet. Esses cookies podem ser passados no contexto de um primeiro ou de terceiros. Por exemplo, podemos coletar informa\u00e7\u00f5es sobre o tipo e a vers\u00e3o do seu navegador, sistema operacional, idioma do usu\u00e1rio, ISP, p\u00e1ginas da web visualizadas, links clicados, endere\u00e7o IP, se h\u00e1 um plug-in &quot;Flash&quot;, resolu\u00e7\u00e3o da tela e informa\u00e7\u00f5es de conex\u00e3o. Tipos, sites visitados antes e depois de visitar nosso site, informa\u00e7\u00f5es detalhadas sobre os produtos adquiridos e e-mails que voc\u00ea envia, encaminha ou clica para entrar em nosso site. Ao coletar essas informa\u00e7\u00f5es, podemos entender melhor como voc\u00ea interage com nosso site; fornecer a voc\u00ea uma experi\u00eancia online mais personalizada e otimizada rastreando suas prefer\u00eancias; melhorar nosso site; executar contratos com nossos parceiros de neg\u00f3cios; ajudar a confirmar o recebimento e responder aos nossos e-mails; e fornecer um atendimento ao cliente mais eficaz. Para obter mais informa\u00e7\u00f5es sobre os cookies que coletamos e como desativ\u00e1-los, consulte nossa Pol\u00edtica de Cookies e a se\u00e7\u00e3o 9 abaixo. Plugins de m\u00eddia social. Nosso site usa os chamados plug-ins sociais (&quot;plug-ins&quot;) das redes sociais Facebook, Twitter e LinkedIn. Esses plug-ins s\u00e3o indicados pelos respectivos logotipos das redes sociais. Quando voc\u00ea visita o site, seu navegador estabelece uma conex\u00e3o direta com os servidores dessas redes sociais. A rede social transfere o conte\u00fado do plug-in diretamente para o seu navegador e o integra ao site. A integra\u00e7\u00e3o de plug-ins permite que as redes sociais recebam as informa\u00e7\u00f5es que voc\u00ea carregou nas p\u00e1ginas correspondentes do site. Por exemplo, se voc\u00ea fizer login com o Facebook, ele poder\u00e1 atribuir sua visita \u00e0 sua conta. Quando voc\u00ea visita nosso site, independentemente de interagir com o plug-in ou n\u00e3o, voc\u00ea j\u00e1 trocou essas informa\u00e7\u00f5es. Se voc\u00ea interagir com o plug-in, as informa\u00e7\u00f5es correspondentes ser\u00e3o enviadas diretamente para o Facebook por meio do seu navegador e salvas l\u00e1. Voc\u00ea pode encontrar informa\u00e7\u00f5es sobre como as redes sociais usam dados, bem como seus direitos e configura\u00e7\u00f5es opcionais em sites de redes sociais para proteger sua privacidade. Se n\u00e3o desejar que as redes sociais coletem dados sobre voc\u00ea por meio do nosso site, voc\u00ea dever\u00e1 efetuar login no dom\u00ednio da rede social antes de visitar o site. Para impedir a troca de informa\u00e7\u00f5es com as redes sociais durante sua visita ao nosso site, voc\u00ea pode desativar os cookies nas configura\u00e7\u00f5es do seu navegador e em outras ferramentas.<br>\u00a0<br>Como compartilhamos informa\u00e7\u00f5es?<br>Nossa empresa est\u00e1 comprometida em manter a confidencialidade dos seus dados pessoais. Exceto conforme disposto nesta pol\u00edtica de privacidade, n\u00e3o venderemos, comercializaremos ou alugaremos seus dados pessoais coletados no site a terceiros. Poderemos compartilhar seus dados pessoais de acordo com os seguintes requisitos ou permiss\u00f5es legais:<br>No processo comercial di\u00e1rio, qualquer empresa afiliada da JianHongHang. s\u00f3 pode usar seus dados pessoais para os fins descritos nesta pol\u00edtica de privacidade (por exemplo, para responder \u00e0s suas perguntas sobre nossos produtos e servi\u00e7os);<br>Com contratados, fornecedores e prestadores que nos prestam servi\u00e7os em nosso nome, como processamento e atendimento de pedidos; an\u00e1lise e armazenamento de dados; assist\u00eancia em marketing direto e distribui\u00e7\u00e3o de e-mails e outras comunica\u00e7\u00f5es; servi\u00e7os de preven\u00e7\u00e3o de fraudes; entrega e log\u00edstica; e completar outros prop\u00f3sitos da coleta acima;<br>Se n\u00f3s ou qualquer uma de nossas empresas afiliadas declarar fal\u00eancia ou a transfer\u00eancia de propriedade (ou ativos) relacionada \u00e0 reorganiza\u00e7\u00e3o corporativa proposta ou completa de qualquer uma de nossas afiliadas, como fus\u00f5es, aquisi\u00e7\u00f5es ou vendas reais ou potenciais de unidades de neg\u00f3cios;<br>Cumprir ordens legais e exig\u00eancias governamentais, ou dar suporte \u00e0s fun\u00e7\u00f5es de auditoria, conformidade e governan\u00e7a corporativa, conforme necess\u00e1rio;<br>Para combater fraudes ou atividades criminosas e para proteger os direitos nossos ou de nossos afiliados, usu\u00e1rios e parceiros comerciais, ou como parte de procedimentos legais que afetam nossa empresa, incluindo a aplica\u00e7\u00e3o de nossos termos e condi\u00e7\u00f5es.<\/p>","protected":false},"excerpt":{"rendered":"<p>The privacy and security of your information is very important to us.Please view the full privacy policy below to learn more.IntroductionThis privacy policy explains how our company and its affiliates collect and use your information. Our privacy policy applies to all people who visit and use our website, our company and online services, and the [&hellip;]<\/p>","protected":false},"author":1,"featured_media":0,"parent":0,"menu_order":0,"comment_status":"closed","ping_status":"closed","template":"page\/privacy.php","meta":{"footnotes":""},"class_list":["post-13","page","type-page","status-publish","hentry"],"yoast_head":"<!-- This site is optimized with the Yoast SEO plugin v26.9 - https:\/\/yoast.com\/product\/yoast-seo-wordpress\/ -->\n<title>Privacy - JianHongHang Machine<\/title>\n<meta name=\"robots\" content=\"index, follow, max-snippet:-1, max-image-preview:large, max-video-preview:-1\" \/>\n<link rel=\"canonical\" href=\"https:\/\/www.china-usedmachinery.com\/pt\/\u062e\u0635\u0648\u0635\u064a\u0629\/\" \/>\n<meta property=\"og:locale\" content=\"pt_PT\" \/>\n<meta property=\"og:type\" content=\"article\" \/>\n<meta property=\"og:title\" content=\"Privacy - JianHongHang Machine\" \/>\n<meta property=\"og:description\" content=\"The privacy and security of your information is very important to us.Please view the full privacy policy below to learn more.IntroductionThis privacy policy explains how our company and its affiliates collect and use your information. Our privacy policy applies to all people who visit and use our website, our company and online services, and the [&hellip;]\" \/>\n<meta property=\"og:url\" content=\"https:\/\/www.china-usedmachinery.com\/pt\/\u062e\u0635\u0648\u0635\u064a\u0629\/\" \/>\n<meta property=\"og:site_name\" content=\"JianHongHang Machine\" \/>\n<meta property=\"article:modified_time\" content=\"2023-07-25T01:30:42+00:00\" \/>\n<meta name=\"twitter:card\" content=\"summary_large_image\" \/>\n<meta name=\"twitter:label1\" content=\"Tempo estimado de leitura\" \/>\n\t<meta name=\"twitter:data1\" content=\"12 minutos\" \/>\n<script type=\"application\/ld+json\" class=\"yoast-schema-graph\">{\"@context\":\"https:\/\/schema.org\",\"@graph\":[{\"@type\":\"WebPage\",\"@id\":\"https:\/\/www.china-usedmachinery.com\/ar\/\u062e\u0635\u0648\u0635\u064a\u0629\/\",\"url\":\"https:\/\/www.china-usedmachinery.com\/ar\/\u062e\u0635\u0648\u0635\u064a\u0629\/\",\"name\":\"Privacy - JianHongHang Machine\",\"isPartOf\":{\"@id\":\"https:\/\/www.china-usedmachinery.com\/#website\"},\"datePublished\":\"2023-07-24T03:13:55+00:00\",\"dateModified\":\"2023-07-25T01:30:42+00:00\",\"breadcrumb\":{\"@id\":\"https:\/\/www.china-usedmachinery.com\/ar\/\u062e\u0635\u0648\u0635\u064a\u0629\/#breadcrumb\"},\"inLanguage\":\"pt-PT\",\"potentialAction\":[{\"@type\":\"ReadAction\",\"target\":[\"https:\/\/www.china-usedmachinery.com\/ar\/\u062e\u0635\u0648\u0635\u064a\u0629\/\"]}]},{\"@type\":\"BreadcrumbList\",\"@id\":\"https:\/\/www.china-usedmachinery.com\/ar\/\u062e\u0635\u0648\u0635\u064a\u0629\/#breadcrumb\",\"itemListElement\":[{\"@type\":\"ListItem\",\"position\":1,\"name\":\"Home\",\"item\":\"https:\/\/www.china-usedmachinery.com\/\"},{\"@type\":\"ListItem\",\"position\":2,\"name\":\"Privacy\"}]},{\"@type\":\"WebSite\",\"@id\":\"https:\/\/www.china-usedmachinery.com\/#website\",\"url\":\"https:\/\/www.china-usedmachinery.com\/\",\"name\":\"JianHongHang Machine\",\"description\":\"JianHongHang\",\"potentialAction\":[{\"@type\":\"SearchAction\",\"target\":{\"@type\":\"EntryPoint\",\"urlTemplate\":\"https:\/\/www.china-usedmachinery.com\/?s={search_term_string}\"},\"query-input\":{\"@type\":\"PropertyValueSpecification\",\"valueRequired\":true,\"valueName\":\"search_term_string\"}}],\"inLanguage\":\"pt-PT\"}]}<\/script>\n<!-- \/ Yoast SEO plugin. -->","yoast_head_json":{"title":"Privacidade - M\u00e1quina JianHongHang","robots":{"index":"index","follow":"follow","max-snippet":"max-snippet:-1","max-image-preview":"max-image-preview:large","max-video-preview":"max-video-preview:-1"},"canonical":"https:\/\/www.china-usedmachinery.com\/pt\/\u062e\u0635\u0648\u0635\u064a\u0629\/","og_locale":"pt_PT","og_type":"article","og_title":"Privacy - JianHongHang Machine","og_description":"The privacy and security of your information is very important to us.Please view the full privacy policy below to learn more.IntroductionThis privacy policy explains how our company and its affiliates collect and use your information. Our privacy policy applies to all people who visit and use our website, our company and online services, and the [&hellip;]","og_url":"https:\/\/www.china-usedmachinery.com\/pt\/\u062e\u0635\u0648\u0635\u064a\u0629\/","og_site_name":"JianHongHang Machine","article_modified_time":"2023-07-25T01:30:42+00:00","twitter_card":"summary_large_image","twitter_misc":{"Tempo estimado de leitura":"12 minutos"},"schema":{"@context":"https:\/\/schema.org","@graph":[{"@type":"WebPage","@id":"https:\/\/www.china-usedmachinery.com\/ar\/\u062e\u0635\u0648\u0635\u064a\u0629\/","url":"https:\/\/www.china-usedmachinery.com\/ar\/\u062e\u0635\u0648\u0635\u064a\u0629\/","name":"Privacidade - M\u00e1quina JianHongHang","isPartOf":{"@id":"https:\/\/www.china-usedmachinery.com\/#website"},"datePublished":"2023-07-24T03:13:55+00:00","dateModified":"2023-07-25T01:30:42+00:00","breadcrumb":{"@id":"https:\/\/www.china-usedmachinery.com\/ar\/\u062e\u0635\u0648\u0635\u064a\u0629\/#breadcrumb"},"inLanguage":"pt-PT","potentialAction":[{"@type":"ReadAction","target":["https:\/\/www.china-usedmachinery.com\/ar\/\u062e\u0635\u0648\u0635\u064a\u0629\/"]}]},{"@type":"BreadcrumbList","@id":"https:\/\/www.china-usedmachinery.com\/ar\/\u062e\u0635\u0648\u0635\u064a\u0629\/#breadcrumb","itemListElement":[{"@type":"ListItem","position":1,"name":"Home","item":"https:\/\/www.china-usedmachinery.com\/"},{"@type":"ListItem","position":2,"name":"Privacy"}]},{"@type":"WebSite","@id":"https:\/\/www.china-usedmachinery.com\/#website","url":"https:\/\/www.china-usedmachinery.com\/","name":"M\u00e1quina JianHongHang","description":"JianHongHang","potentialAction":[{"@type":"SearchAction","target":{"@type":"EntryPoint","urlTemplate":"https:\/\/www.china-usedmachinery.com\/?s={search_term_string}"},"query-input":{"@type":"PropertyValueSpecification","valueRequired":true,"valueName":"search_term_string"}}],"inLanguage":"pt-PT"}]}},"_links":{"self":[{"href":"https:\/\/www.china-usedmachinery.com\/pt\/wp-json\/wp\/v2\/pages\/13","targetHints":{"allow":["GET"]}}],"collection":[{"href":"https:\/\/www.china-usedmachinery.com\/pt\/wp-json\/wp\/v2\/pages"}],"about":[{"href":"https:\/\/www.china-usedmachinery.com\/pt\/wp-json\/wp\/v2\/types\/page"}],"author":[{"embeddable":true,"href":"https:\/\/www.china-usedmachinery.com\/pt\/wp-json\/wp\/v2\/users\/1"}],"replies":[{"embeddable":true,"href":"https:\/\/www.china-usedmachinery.com\/pt\/wp-json\/wp\/v2\/comments?post=13"}],"version-history":[{"count":2,"href":"https:\/\/www.china-usedmachinery.com\/pt\/wp-json\/wp\/v2\/pages\/13\/revisions"}],"predecessor-version":[{"id":58,"href":"https:\/\/www.china-usedmachinery.com\/pt\/wp-json\/wp\/v2\/pages\/13\/revisions\/58"}],"wp:attachment":[{"href":"https:\/\/www.china-usedmachinery.com\/pt\/wp-json\/wp\/v2\/media?parent=13"}],"curies":[{"name":"wp","href":"https:\/\/api.w.org\/{rel}","templated":true}]}}